{"id":727,"date":"2017-08-24T07:38:44","date_gmt":"2017-08-24T07:38:44","guid":{"rendered":"http:\/\/www.graphenanodental.com\/politica-de-privacidad\/"},"modified":"2025-05-16T10:11:40","modified_gmt":"2025-05-16T10:11:40","slug":"politica-de-privacidad","status":"publish","type":"page","link":"https:\/\/www.graphenanodental.com\/en\/politica-de-privacidad\/","title":{"rendered":"Privacy policy"},"content":{"rendered":"<p>[vc_row css_animation=&#8221;&#8221; row_type=&#8221;row&#8221; use_row_as_full_screen_section=&#8221;no&#8221; type=&#8221;full_width&#8221; angled_section=&#8221;no&#8221; text_align=&#8221;left&#8221; background_image_as_pattern=&#8221;without_pattern&#8221;][vc_column][vc_column_text]<strong>POL\u00cdTICA DE PRIVACIDAD DEL SITIO WEB <\/strong>https:\/\/www.graphenanodental.com\/<\/p>\n<p>La presente pol\u00edtica de privacidad describe las formas en la que recogemos la informaci\u00f3n, con qu\u00e9 fin la utilizamos y c\u00f3mo la gestionamos. Su privacidad es importante para nosotros y le otorgamos una gran importancia, por eso deseamos expresar el m\u00e1ximo compromiso con la protecci\u00f3n de los datos personales de nuestros Usuarios. Hemos implementado las medidas t\u00e9cnicas y organizativas necesarias que indica la normativa de protecci\u00f3n de datos para asegurar la confidencialidad de sus datos, dando cumplimiento al Reglamento General de Protecci\u00f3n de Datos aprobado por la Uni\u00f3n Europea (RGPD) y a la Ley Org\u00e1nica 3\/2018 de 5 de diciembre (LOPDGDD). No obstante, no podemos asumir ninguna responsabilidad por los da\u00f1os y perjuicios derivados de alteraciones que terceros pueden causar en los sistemas inform\u00e1ticos, documentos electr\u00f3nicos o ficheros del Usuario.<\/p>\n<p>&nbsp;<\/p>\n<p><strong>\u00bfQUI\u00c9N ES EL RESPONSABLE DEL TRATAMIENTO?<\/strong><\/p>\n<p>Raz\u00f3n Social: <strong>GRAPHENANO DENTAL, S.L.(en adelante, la \u201cEmpresa\u201d o el \u201cResponsable\u201d).<\/strong><br \/>\nCIF: \u00a0<strong>B87533014<\/strong><br \/>\nDomicilio: <strong>Ctra. Villena Km 0,5, Yecla, Murcia<\/strong><br \/>\nTel\u00e9fono: <strong>965108102<\/strong><br \/>\nEmail para comunicaciones en materia de Protecci\u00f3n de datos: <a href=\"mailto:personal@graphenano.com\"><strong>personal@graphenano.com<\/strong><\/a><\/p>\n<p>&nbsp;<\/p>\n<p><strong>\u00bfCU\u00c1LES SON LAS FINALIDADES DEL TRATAMIENTO? \u00bfCU\u00c1L ES LA LEGITIMACI\u00d3N DEL TRATAMIENTO?<\/strong><\/p>\n<p>Los datos personales de los interesados se tratar\u00e1n por GRAPHENANO DENTAL, S.L. de acuerdo con las siguientes finalidades, dependiendo del momento en el que se aporte dicha informaci\u00f3n:<\/p>\n<ol>\n<li>Con el objeto de atender sus consultas o enviarle informaci\u00f3n relacionada con su solicitud, puede ser necesario que obtengamos informaci\u00f3n por su parte, en tal caso, le solicitaremos que nos la proporcione voluntariamente de forma expresa. \u00danicamente debe enviarnos los datos de los que usted es titular, o bien de terceros, si es su representante legal o ha obtenido su consentimiento inequ\u00edvoco. La base jur\u00eddica del tratamiento se corresponde con el art. 6.1 a) RGPD (consentimiento del interesado).<\/li>\n<li>Para la tramitaci\u00f3n de altas como cliente, actualizaci\u00f3n de los datos y gesti\u00f3n de la relaci\u00f3n mercantil que pudiera existir. Los datos ser\u00e1n recogidos a trav\u00e9s del correspondiente formulario de registro, inicialmente, y de las transacciones comerciales, posteriormente. En concreto, se engloban las siguientes acciones:<\/li>\n<\/ol>\n<ul>\n<li>Creaci\u00f3n de la cuenta como cliente a trav\u00e9s de la web, utilizando los distintos enlaces habilitados por GRAPHENANO DENTAL, S.L. al respecto. Para ello, se atiende a la base legal contemplada en el art. 6.1 a) RPGD (consentimiento del interesado).<\/li>\n<li>Administraci\u00f3n y gesti\u00f3n de la relaci\u00f3n contractual existente con el cliente, de acuerdo con el art. 6.1 b) RGPD.<\/li>\n<li>An\u00e1lisis de los clientes, a fin de poder llevar a cabo estudios de mercado y encuestas de opini\u00f3n, justificado por el inter\u00e9s leg\u00edtimo, de acuerdo con el art\u00edculo 6.1 f) RGPD.<\/li>\n<li>Siempre que usted lo desee podemos enviarle informaci\u00f3n comercial peri\u00f3dicamente de nuestros productos y\/o servicios, incluido los newsletter. Siendo la base leg\u00edtima de este tratamiento el art. 6.1 a) RGPD (consentimiento del interesado).<\/li>\n<li>Cumplir con nuestras obligaciones contractuales en el caso de que usted haya decidido adquirir alguno de nuestros productos y\/o servicios, as\u00ed como realizar la gesti\u00f3n administrativa, fiscal y contable derivada de los trabajos que hemos realizado. Esta finalidad se basa en el art\u00edculo 6.1 c) del RGPD: cumplimiento de una obligaci\u00f3n legal aplicable a la empresa.<\/li>\n<\/ul>\n<ol start=\"3\">\n<li>Gestionar las suscripciones para recibir informaci\u00f3n comercial sobre GRAPHENANO DENTAL, S.L., para lo que se recaba el consentimiento del interesado en nuestra newsletter, a trav\u00e9s de los mecanismos habilitados al respecto en la web. El tratamiento est\u00e1 basado en el art. 6.1 a) RGPD (consentimiento del interesado), el cual puede ser retirado en cualquier momento sin que ello afecte a la licitud del tratamiento previo a su retirada.<\/li>\n<li>Participar en los posibles procesos de selecci\u00f3n de personal que pudi\u00e9ramos realizar en el caso de que usted nos env\u00ede su curriculum vitae. La base jur\u00eddica del tratamiento radica en el consentimiento del interesado, de acuerdo con el art. 6.1 a) RGPD.<\/li>\n<\/ol>\n<p>&nbsp;<\/p>\n<p><strong>\u00bfCU\u00c1LES SON LOS CRITERIOS DE CONSERVACI\u00d3N DE LOS DATOS?<\/strong><\/p>\n<p>Conservaremos los datos durante el periodo de prescripci\u00f3n de las obligaciones legales, y entretanto contin\u00fae existiendo inter\u00e9s en mantener las relaciones por ambas partes, de manera que procederemos a la supresi\u00f3n de los mismos cuando ya no sea necesario alcanzar las finalidades que hubieran justificado el tratamiento de los mismos.<\/p>\n<p>Los curr\u00edculos recibidos ser\u00e1n destruidos en caso de que fueran descartados de los posibles procesos de selecci\u00f3n que pudi\u00e9ramos realizar, conserv\u00e1ndolos un periodo m\u00e1ximo de un a\u00f1o.<\/p>\n<p>Plazo de conservaci\u00f3n de sus datos para el env\u00edo de comunicaciones comerciales:<\/p>\n<ul>\n<li>Si usted nos ha autorizado expresamente, conservaremos sus datos hasta que usted decida retirar su consentimiento.<\/li>\n<li>Si usted ha mantenido una relaci\u00f3n contractual con nosotros y le enviamos comunicaciones comerciales, conservaremos sus datos hasta que usted decida oponerse a dicho tratamiento.<\/li>\n<\/ul>\n<p>&nbsp;<\/p>\n<p><strong>\u00bfC\u00d3MO DEBO ACTUALIZAR MIS DATOS PERSONALES?<\/strong><\/p>\n<p>El Usuario garantiza que los datos personales que nos ha facilitado a trav\u00e9s de este sitio web son veraces, correctos, actuales y completos. El Usuario deber\u00e1 comunicarnos cualquier modificaci\u00f3n o actualizaci\u00f3n de los mismos, mediante el env\u00edo de una comunicaci\u00f3n a las direcciones postales o electr\u00f3nicas se\u00f1aladas en el apartado \u00bfd\u00f3nde puede ejercer los derechos?<\/p>\n<p>&nbsp;<\/p>\n<p><strong>\u00bfCU\u00c1LES SON LOS DESTINATARIOS DE LA INFORMACI\u00d3N?<\/strong><\/p>\n<p>No cederemos informaci\u00f3n a terceros salvo obligaci\u00f3n legal y las necesarias para prestar los servicios, o bien en el caso de que usted preste su consentimiento expreso e inequ\u00edvoco. En concreto, los datos facilitados para obtener informaci\u00f3n sobre los espacios disponibles podr\u00e1n ser cedidos a los anunciantes con los que te hayas puesto en contacto.<\/p>\n<p>Tambi\u00e9n podr\u00e1n ser cedidos los datos que requieran los Juzgados, Tribunales y Administraciones P\u00fablicas cuando as\u00ed sea exigido por la legislaci\u00f3n.<\/p>\n<p>Asimismo, se le hace saber que GRAPHENANO DENTAL, S.L. cuenta con prestadores de servicios a los que encarga el tratamiento de los datos personales. Para ello, en cumplimiento de las obligaciones en materia de protecci\u00f3n de datos de car\u00e1cter personal, se firma el correspondiente contrato que sujeta al encargado a las obligaciones de protecci\u00f3n de la informaci\u00f3n.<\/p>\n<p>En concreto, los datos ser\u00e1n cedidos a las empresas que conforman el GRUPO GRAPHENANO, para la ejecuci\u00f3n del servicio y gesti\u00f3n administrativa interna, siendo la base de legitimaci\u00f3n el inter\u00e9s leg\u00edtimo.<\/p>\n<p>Para obtener m\u00e1s informaci\u00f3n acerca de los destinatarios de sus datos, puede contactar por correo electr\u00f3nico a <a href=\"mailto:personal@graphenano.com\">personal@graphenano.com<\/a> , indicando el uso sobre cuyos destinatarios se solicita informaci\u00f3n.<\/p>\n<p>&nbsp;<\/p>\n<p><strong>\u00bfQU\u00c9 DERECHOS TIENEN LOS INTERESADOS?<\/strong><\/p>\n<p>Cualquier persona tiene derecho a obtener confirmaci\u00f3n sobre si estamos tratando datos personales que les conciernan, o no. Las personas interesadas tienen derecho a si acceder a sus datos personales, as\u00ed como a solicitar la rectificaci\u00f3n de los datos inexactos o, en su caso, solicitar su supresi\u00f3n cuando, entre otros motivos, los datos ya no sean necesarios para los fines que fueron recogidos.<\/p>\n<p>En determinadas circunstancias, los interesados podr\u00e1n solicitar la limitaci\u00f3n del tratamiento de sus datos, en cuyo caso \u00fanicamente los conservaremos para el ejercicio o la defensa de reclamaciones. En determinadas circunstancias y por motivos relacionados con su situaci\u00f3n particular, los interesados podr\u00e1n oponerse al tratamiento de sus datos. En este caso dejaremos de tratar los datos, salvo por motivos leg\u00edtimos imperiosos, o el ejercicio o la defensa de posibles reclamaciones. Tambi\u00e9n tendr\u00e1n derecho a retirar el consentimiento al tratamiento de sus datos en cualquier momento cuando la base que leg\u00edtima el mismo sea la obtenci\u00f3n del propio consentimiento del interesado.<\/p>\n<p>Podr\u00e1n presentar una reclamaci\u00f3n ante la Autoridad de Control en materia de Protecci\u00f3n de Datos competente, como la Agencia Espa\u00f1ola de Protecci\u00f3n de datos, especialmente cuando no haya obtenido satisfacci\u00f3n en el ejercicio de sus derechos o crea que el tratamiento de datos no es adecuado con la legalidad vigente.<\/p>\n<p>&nbsp;<\/p>\n<p><strong>\u00bfD\u00d3NDE PUEDE EJERCER LOS DERECHOS?<\/strong><\/p>\n<p>Mediante comunicaci\u00f3n escrita dirigida a GRAPHENANO DENTAL, S.L., C\/PABLO CASALS, 13 BAJO, YECLA, 30510 (MURCIA) o bien, mediante el env\u00edo de un correo electr\u00f3nico a la direcci\u00f3n\u00a0personal@graphenano.com, identific\u00e1ndose y concretando su solicitud aportando fotocopia del DNI o documento equivalente.<\/p>\n<p>En las comunicaciones comerciales incluido los newsletter usted podr\u00e1 revocar el consentimiento otorgado mediante el env\u00edo de un correo electr\u00f3nico a nuestra direcci\u00f3n personal@graphenano.com \u00a0indicando en el mensaje la frase \u201cBaja del Servicio de Comunicaciones\u201d, o bien pulsando sobre el enlace de baja si en el mensaje del correo as\u00ed se indica. GRAPHENANO DENTAL, S.L.. podr\u00e1 utilizar cookies durante la prestaci\u00f3n de servicios del sitio web (ver nuestra <a href=\"https:\/\/www.graphenanodental.com\/en\/politica-de-cookies\/\" target=\"_blank\" rel=\"noopener\">pol\u00edtica de cookies<\/a>).<\/p>\n<p>&nbsp;<\/p>\n<p><strong>MEDIDAS DE SEGURIDAD<\/strong><\/p>\n<p>Que de conformidad con lo dispuesto en las normativas vigentes en protecci\u00f3n de datos personales, el RESPONSABLE est\u00e1 cumpliendo con todas las disposiciones del REGLAMENTO GENERAL DE PROTECCION DE DATOS (RGPD) para el tratamiento de los datos personales de su responsabilidad, y manifiestamente con los principios descritos en el art\u00edculo 5, por los cuales son tratados de manera l\u00edcita, leal y transparente en relaci\u00f3n con el interesado y adecuados, pertinentes y limitados a lo necesario en relaci\u00f3n con los fines para los que son tratados. El RESPONSABLE garantiza que ha implementado pol\u00edticas t\u00e9cnicas y organizativas apropiadas para aplicar las medidas de seguridad que establecen el RGPD con el fin de proteger los derechos y libertades de los Usuarios y les ha comunicado la informaci\u00f3n adecuada para que puedan ejercerlos.<\/p>\n<p>&nbsp;<\/p>\n<p><strong>ACEPTACI\u00d3N Y CONSENTIMIENTO<\/strong><\/p>\n<p>El usuario manifiesta que ha sido informado sobre nuestra pol\u00edtica de protecci\u00f3n de datos y consiente su tratamiento con las finalidades expresadas anteriormente. Se advierte que algunos de los servicios prestados en la Web podr\u00e1n tener condiciones particulares, en tal caso se informar\u00e1 debidamente a los usuarios.[\/vc_column_text][vc_empty_space height=&#8221;50px&#8221;][\/vc_column][\/vc_row]<\/p>\n","protected":false},"excerpt":{"rendered":"<p>[vc_row css_animation=&#8221;&#8221; row_type=&#8221;row&#8221; use_row_as_full_screen_section=&#8221;no&#8221; type=&#8221;full_width&#8221; angled_section=&#8221;no&#8221; text_align=&#8221;left&#8221; background_image_as_pattern=&#8221;without_pattern&#8221;][vc_column][vc_column_text]POL\u00cdTICA DE PRIVACIDAD DEL SITIO WEB https:\/\/www.graphenanodental.com\/ La presente pol\u00edtica de privacidad describe las formas en la que recogemos la informaci\u00f3n, con qu\u00e9 fin la utilizamos y c\u00f3mo la gestionamos. Su privacidad es importante para nosotros y le&#8230;<\/p>\n","protected":false},"author":1,"featured_media":0,"parent":0,"menu_order":0,"comment_status":"closed","ping_status":"closed","template":"","meta":{"footnotes":""},"class_list":["post-727","page","type-page","status-publish","hentry"],"_links":{"self":[{"href":"https:\/\/www.graphenanodental.com\/en\/wp-json\/wp\/v2\/pages\/727","targetHints":{"allow":["GET"]}}],"collection":[{"href":"https:\/\/www.graphenanodental.com\/en\/wp-json\/wp\/v2\/pages"}],"about":[{"href":"https:\/\/www.graphenanodental.com\/en\/wp-json\/wp\/v2\/types\/page"}],"author":[{"embeddable":true,"href":"https:\/\/www.graphenanodental.com\/en\/wp-json\/wp\/v2\/users\/1"}],"replies":[{"embeddable":true,"href":"https:\/\/www.graphenanodental.com\/en\/wp-json\/wp\/v2\/comments?post=727"}],"version-history":[{"count":2,"href":"https:\/\/www.graphenanodental.com\/en\/wp-json\/wp\/v2\/pages\/727\/revisions"}],"predecessor-version":[{"id":35899,"href":"https:\/\/www.graphenanodental.com\/en\/wp-json\/wp\/v2\/pages\/727\/revisions\/35899"}],"wp:attachment":[{"href":"https:\/\/www.graphenanodental.com\/en\/wp-json\/wp\/v2\/media?parent=727"}],"curies":[{"name":"wp","href":"https:\/\/api.w.org\/{rel}","templated":true}]}}