{"id":37136,"date":"2025-11-07T09:37:01","date_gmt":"2025-11-07T09:37:01","guid":{"rendered":"https:\/\/www.graphenanodental.com\/?post_type=product&#038;p=37136"},"modified":"2026-04-07T15:09:16","modified_gmt":"2026-04-07T15:09:16","slug":"g-cam-b1-disc-copia","status":"publish","type":"product","link":"https:\/\/www.graphenanodental.com\/en\/shop\/g-cam-b1-disc-copia\/","title":{"rendered":"G-BLOCK"},"content":{"rendered":"","protected":false},"excerpt":{"rendered":"<p>G-BLOCK es un polimero con base de polimetilmetacrilato (PMMA) dopado con grafeno (forma alotr\u00f3pica del carbono) adecuado para la fabricaci\u00f3n de pr\u00f3tesis dentales aplicando la tecnolog\u00eda CAD\/CAM.<\/p>\n<p>G-BLOCK est\u00e1 destinado a ser utilizado para la fabricaci\u00f3n de restauraciones permanentes y temporales, como pr\u00f3tesis sobre implantes dentales, coronas, puentes, incrustaciones y carillas.<\/p>\n<p>&nbsp;<\/p>\n<p>G-BLOCK es un bloque compacto de pol\u00edmero dopado con grafeno disponible en dos dimensiones, 14 y 40 mm.<\/p>\n<p class=\"p1\">Lo podemos encontrar en un formato Multichroma en los siguientes colores BL2, A1, A2 Y A3 (acordes a la gu\u00eda de color G-CAM, aproximados a la gu\u00eda VITA\u00ae).<\/p>\n","protected":false},"featured_media":37254,"template":"","meta":[],"product_brand":[],"product_cat":[],"product_tag":[],"class_list":{"0":"post-37136","1":"product","2":"type-product","3":"status-publish","4":"has-post-thumbnail","7":"first","8":"outofstock","9":"taxable","10":"shipping-taxable","11":"purchasable","12":"product-type-variable"},"_links":{"self":[{"href":"https:\/\/www.graphenanodental.com\/en\/wp-json\/wp\/v2\/product\/37136","targetHints":{"allow":["GET"]}}],"collection":[{"href":"https:\/\/www.graphenanodental.com\/en\/wp-json\/wp\/v2\/product"}],"about":[{"href":"https:\/\/www.graphenanodental.com\/en\/wp-json\/wp\/v2\/types\/product"}],"wp:featuredmedia":[{"embeddable":true,"href":"https:\/\/www.graphenanodental.com\/en\/wp-json\/wp\/v2\/media\/37254"}],"wp:attachment":[{"href":"https:\/\/www.graphenanodental.com\/en\/wp-json\/wp\/v2\/media?parent=37136"}],"wp:term":[{"taxonomy":"product_brand","embeddable":true,"href":"https:\/\/www.graphenanodental.com\/en\/wp-json\/wp\/v2\/product_brand?post=37136"},{"taxonomy":"product_cat","embeddable":true,"href":"https:\/\/www.graphenanodental.com\/en\/wp-json\/wp\/v2\/product_cat?post=37136"},{"taxonomy":"product_tag","embeddable":true,"href":"https:\/\/www.graphenanodental.com\/en\/wp-json\/wp\/v2\/product_tag?post=37136"}],"curies":[{"name":"wp","href":"https:\/\/api.w.org\/{rel}","templated":true}]}}